{"id":249,"date":"2019-04-25T08:55:10","date_gmt":"2019-04-25T08:55:10","guid":{"rendered":"https:\/\/die-tabletopper.com\/?post_type=product&#038;p=249"},"modified":"2019-04-25T08:56:05","modified_gmt":"2019-04-25T08:56:05","slug":"tunneleingang-a-unbemalt","status":"publish","type":"product","link":"https:\/\/die-tabletopper.com\/?product=tunneleingang-a-unbemalt","title":{"rendered":"Tunneleingang A &#8211; unbemalt"},"content":{"rendered":"<p>Dieser Tunneleingang kann die Spielwelt durch einen Tunnel erweitern.<\/p>\n<p>Dieses Gel\u00e4ndemodell ist wie alle unsere Modelle selbst in 3D gezeichnet und verfeinert worden. Es wird auf Bestellung in Deutschland\u00a0 mit einem 3D Druckverfahren produziert.<\/p>\n<p>Die Aufl\u00f6sung des fertigen Drucks wurde so eingestellt, dass eine deutliche und interessante betonstruktur beim Bemalen des Modells entsteht.<\/p>\n<p>Ausgelegt ist dieses Modell f\u00fcr Star wars Legion, kann aber nat\u00fcrlich f\u00fcr jedes andere Tabletop mit \u00e4nlicher Figurengr\u00f6\u00dfe (32mm) benutzt werden.<\/p>\n","protected":false},"excerpt":{"rendered":"<p>Dies ist ein Tunneleingang f\u00fcr jedes Tabletopspiel im 32mm Ma\u00dfstab. Es kommt in zwei Teilen und muss nur noch bemalt werden.<\/p>\n","protected":false},"featured_media":247,"comment_status":"open","ping_status":"closed","template":"","meta":[],"product_cat":[17],"product_tag":[28,27],"_links":{"self":[{"href":"https:\/\/die-tabletopper.com\/index.php?rest_route=\/wp\/v2\/product\/249"}],"collection":[{"href":"https:\/\/die-tabletopper.com\/index.php?rest_route=\/wp\/v2\/product"}],"about":[{"href":"https:\/\/die-tabletopper.com\/index.php?rest_route=\/wp\/v2\/types\/product"}],"replies":[{"embeddable":true,"href":"https:\/\/die-tabletopper.com\/index.php?rest_route=%2Fwp%2Fv2%2Fcomments&post=249"}],"wp:featuredmedia":[{"embeddable":true,"href":"https:\/\/die-tabletopper.com\/index.php?rest_route=\/wp\/v2\/media\/247"}],"wp:attachment":[{"href":"https:\/\/die-tabletopper.com\/index.php?rest_route=%2Fwp%2Fv2%2Fmedia&parent=249"}],"wp:term":[{"taxonomy":"product_cat","embeddable":true,"href":"https:\/\/die-tabletopper.com\/index.php?rest_route=%2Fwp%2Fv2%2Fproduct_cat&post=249"},{"taxonomy":"product_tag","embeddable":true,"href":"https:\/\/die-tabletopper.com\/index.php?rest_route=%2Fwp%2Fv2%2Fproduct_tag&post=249"}],"curies":[{"name":"wp","href":"https:\/\/api.w.org\/{rel}","templated":true}]}}