{"id":141,"date":"2019-04-19T09:07:48","date_gmt":"2019-04-19T09:07:48","guid":{"rendered":"https:\/\/die-tabletopper.com\/?post_type=product&#038;p=141"},"modified":"2019-04-25T08:56:39","modified_gmt":"2019-04-25T08:56:39","slug":"star-wars-legion-bunker-roh","status":"publish","type":"product","link":"https:\/\/die-tabletopper.com\/?product=star-wars-legion-bunker-roh","title":{"rendered":"Star Wars: Legion &#8211; Bunker roh"},"content":{"rendered":"<p>Dieses Gel\u00e4ndemodell ist wie alle unsere Modelle selbst in 3D gezeichnet und verfeinert worden. Es wird auf Bestellung in Deutschland\u00a0 mit einem 3D Druckverfahren produziert.<\/p>\n<p>Die Aufl\u00f6sung des fertigen Drucks wurde so eingestellt, dass eine deutliche und interessante betonstruktur beim Bemalen des Modells entsteht.<\/p>\n<p>Es besteht aus zwei Teilen die auch separat eingesetzt werden k\u00f6nnen. Der Bunker in Form eines sechsecks mit drei schie\u00dfscharten sowie einem Eingang. Sowie das Dach des Bunkers mit einem Abluft Aufbau und einem Durchstieg. Das Dach kann als eigenst\u00e4ndiges Gel\u00e4nde Teil genutzt werden und stellt eine kleine Erh\u00f6hung im Gel\u00e4nde dar.Ausgelegt ist dieses Modell f\u00fcr Star wars Legion, kann aber nat\u00fcrlich f\u00fcr jedes andere Tabletop mit \u00e4nlicher Figurengr\u00f6\u00dfe (32mm) benutzt werden.<\/p>\n","protected":false},"excerpt":{"rendered":"<p>Dies ist ein Hochbunker f\u00fcr jedes Tabletopspiel im 32mm Ma\u00dfstab.Es kommt in zwei Teilen und muss nur noch bemalt werden.<\/p>\n","protected":false},"featured_media":99,"comment_status":"open","ping_status":"closed","template":"","meta":[],"product_cat":[26],"product_tag":[28,27],"_links":{"self":[{"href":"https:\/\/die-tabletopper.com\/index.php?rest_route=\/wp\/v2\/product\/141"}],"collection":[{"href":"https:\/\/die-tabletopper.com\/index.php?rest_route=\/wp\/v2\/product"}],"about":[{"href":"https:\/\/die-tabletopper.com\/index.php?rest_route=\/wp\/v2\/types\/product"}],"replies":[{"embeddable":true,"href":"https:\/\/die-tabletopper.com\/index.php?rest_route=%2Fwp%2Fv2%2Fcomments&post=141"}],"wp:featuredmedia":[{"embeddable":true,"href":"https:\/\/die-tabletopper.com\/index.php?rest_route=\/wp\/v2\/media\/99"}],"wp:attachment":[{"href":"https:\/\/die-tabletopper.com\/index.php?rest_route=%2Fwp%2Fv2%2Fmedia&parent=141"}],"wp:term":[{"taxonomy":"product_cat","embeddable":true,"href":"https:\/\/die-tabletopper.com\/index.php?rest_route=%2Fwp%2Fv2%2Fproduct_cat&post=141"},{"taxonomy":"product_tag","embeddable":true,"href":"https:\/\/die-tabletopper.com\/index.php?rest_route=%2Fwp%2Fv2%2Fproduct_tag&post=141"}],"curies":[{"name":"wp","href":"https:\/\/api.w.org\/{rel}","templated":true}]}}