{"id":140,"date":"2019-04-19T09:00:46","date_gmt":"2019-04-19T09:00:46","guid":{"rendered":"https:\/\/die-tabletopper.com\/?post_type=product&#038;p=140"},"modified":"2019-04-19T09:01:35","modified_gmt":"2019-04-19T09:01:35","slug":"star-wars-legion-bunker-bemalt","status":"publish","type":"product","link":"https:\/\/die-tabletopper.com\/?product=star-wars-legion-bunker-bemalt","title":{"rendered":"Star Wars: Legion \u2013 Bunker bemalt"},"content":{"rendered":"<p>Dieses Gel\u00e4ndemodell ist wie alle unsere Modelle selbst in 3D gezeichnet und verfeinert worden.<\/p>\n<p>Es wird auf Bestellung in Deutschland\u00a0 mit einem 3D Druckverfahren produziert. Die Aufl\u00f6sung des fertigen Drucks wurde so eingestellt, dass eine deutliche und interessante betonstruktur beim Bemalen des Modells entsteht.<\/p>\n<div>Es besteht aus zwei Teilen die auch separat eingesetzt werden k\u00f6nnen. Der Bunker in Form eines sechsecks mit drei schie\u00dfscharten sowie einem Eingang.<\/div>\n<div>Sowie das Dach des Bunkers mit einem Abluft Aufbau und einem Durchstieg.<\/div>\n<div>Das Dach kann als eigenst\u00e4ndiges Gel\u00e4nde Teil genutzt werden und stellt eine kleine Erh\u00f6hung im Gel\u00e4nde dar.<\/div>\n<div><\/div>\n<div>Ausgelegt ist dieses Modell f\u00fcr Star wars Legion,<\/div>\n<div>kann aber nat\u00fcrlich f\u00fcr jedes\u00a0andere Tabletop\u00a0mit \u00e4nlicher Figurengr\u00f6\u00dfe benutzt werden.<\/div>\n","protected":false},"excerpt":{"rendered":"<p>Dies ist unser Hochbunker f\u00fcr jedes Tabletopspiel im 32mm Ma\u00dfstab. Er kommt in zwei Teilen und ist vollst\u00e4ndig bemalt und dekoriert.Alles nat\u00fcrlich in Handarbeit;<\/p>\n","protected":false},"featured_media":104,"comment_status":"open","ping_status":"closed","template":"","meta":[],"product_cat":[26],"product_tag":[28,27],"_links":{"self":[{"href":"https:\/\/die-tabletopper.com\/index.php?rest_route=\/wp\/v2\/product\/140"}],"collection":[{"href":"https:\/\/die-tabletopper.com\/index.php?rest_route=\/wp\/v2\/product"}],"about":[{"href":"https:\/\/die-tabletopper.com\/index.php?rest_route=\/wp\/v2\/types\/product"}],"replies":[{"embeddable":true,"href":"https:\/\/die-tabletopper.com\/index.php?rest_route=%2Fwp%2Fv2%2Fcomments&post=140"}],"wp:featuredmedia":[{"embeddable":true,"href":"https:\/\/die-tabletopper.com\/index.php?rest_route=\/wp\/v2\/media\/104"}],"wp:attachment":[{"href":"https:\/\/die-tabletopper.com\/index.php?rest_route=%2Fwp%2Fv2%2Fmedia&parent=140"}],"wp:term":[{"taxonomy":"product_cat","embeddable":true,"href":"https:\/\/die-tabletopper.com\/index.php?rest_route=%2Fwp%2Fv2%2Fproduct_cat&post=140"},{"taxonomy":"product_tag","embeddable":true,"href":"https:\/\/die-tabletopper.com\/index.php?rest_route=%2Fwp%2Fv2%2Fproduct_tag&post=140"}],"curies":[{"name":"wp","href":"https:\/\/api.w.org\/{rel}","templated":true}]}}